{"id":35,"date":"2017-02-24T19:00:00","date_gmt":"2017-02-24T19:00:00","guid":{"rendered":"http:\/\/dev2solve.hu\/web\/?page_id=35"},"modified":"2020-05-14T13:44:53","modified_gmt":"2020-05-14T11:44:53","slug":"programozas","status":"publish","type":"page","link":"https:\/\/dev2solve.hu\/web\/programozas\/","title":{"rendered":"Programoz\u00e1s"},"content":{"rendered":"<p>A programoz\u00e1si munk\u00e1kat els\u0151sorban <a href=\"https:\/\/php.net\/\">PHP<\/a>-ban v\u00e9gezz\u00fck.\u00a0Ez ugyanis a gyors \u00e9s k\u00f6lts\u00e9ghat\u00e9kony megold\u00e1s napjainkban, nem v\u00e9letlen\u00fcl haszn\u00e1lja ezt a legt\u00f6bb webes rendszer, mint p\u00e9ld\u00e1ul a Facebook is.<\/p>\n<p>Ha \u00faj rendszert kell l\u00e9trehozni, akkor a legt\u00f6bbsz\u00f6r a projektre tetreszabott saj\u00e1t\u00a0keretrendszer\u00fcnket haszn\u00e1ljuk.\u00a0 Ha meglev\u0151t kell javasolni akkor a Yii2-t tudjuk javasolni. Ez gyakorlatilag egy LEGO nyelv, ahol jellemz\u0151en el\u0151re meg\u00edrt komponensekb\u0151l lehet nagyon gyorsan \u00f6sszerakni a k\u00edv\u00e1nt m\u0171k\u00f6d\u00e9st. Tekintse \u00e1t a rendelkez\u00e9sre \u00e1ll\u00f3 &#8220;\u00e9p\u00edt\u0151elemek&#8221; gy\u0171jtem\u00e9ny\u00e9t <a href=\"http:\/\/www.yiiframework.com\/extensions\/?tag=yii2\">ITT<\/a>.<\/p>\n<p>Term\u00e9szetesen lehet\u0151s\u00e9g van b\u00e1rmilyen meglev\u0151 rendszer tov\u00e1bbfejleszt\u00e9s\u00e9re,\u00a0m\u00e1s keretrendszer haszn\u00e1lat\u00e1ra. Lehet\u0151s\u00e9g van m\u00e1s programnyelvek alkalmaz\u00e1s\u00e1ra is, amennyiben ez a kifejezett ig\u00e9ny.<\/p>\n<p>Alapvet\u0151en\u00a0partneri kapcsolatot szeret\u00fcnk kialak\u00edtani megb\u00edz\u00f3inkkal, \u00e9s mint a csapat tagja, t\u00e1vmunk\u00e1ban v\u00e9gezni a kit\u0171z\u00f6tt feladatokat \u00e9s c\u00e9lokat. Hossz\u00fa t\u00e1von sz\u00e1molhat vel\u00fcnk.<\/p>\n","protected":false},"excerpt":{"rendered":"<p>A programoz\u00e1si munk\u00e1kat els\u0151sorban PHP-ban v\u00e9gezz\u00fck.\u00a0Ez ugyanis a gyors \u00e9s k\u00f6lts\u00e9ghat\u00e9kony megold\u00e1s napjainkban, nem v\u00e9letlen\u00fcl haszn\u00e1lja ezt a legt\u00f6bb webes rendszer, mint p\u00e9ld\u00e1ul a Facebook is. Ha \u00faj rendszert kell l\u00e9trehozni, akkor a legt\u00f6bbsz\u00f6r a projektre tetreszabott saj\u00e1t\u00a0keretrendszer\u00fcnket haszn\u00e1ljuk.\u00a0 Ha meglev\u0151t kell javasolni akkor a Yii2-t tudjuk javasolni. Ez gyakorlatilag egy LEGO nyelv, ahol jellemz\u0151en &hellip; <\/p>\n<p class=\"link-more\"><a href=\"https:\/\/dev2solve.hu\/web\/programozas\/\" class=\"more-link\">Continue reading<span class=\"screen-reader-text\"> &#8220;Programoz\u00e1s&#8221;<\/span><\/a><\/p>\n","protected":false},"author":1,"featured_media":88,"parent":0,"menu_order":0,"comment_status":"closed","ping_status":"closed","template":"","meta":{"footnotes":""},"class_list":["post-35","page","type-page","status-publish","has-post-thumbnail","hentry"],"_links":{"self":[{"href":"https:\/\/dev2solve.hu\/web\/wp-json\/wp\/v2\/pages\/35","targetHints":{"allow":["GET"]}}],"collection":[{"href":"https:\/\/dev2solve.hu\/web\/wp-json\/wp\/v2\/pages"}],"about":[{"href":"https:\/\/dev2solve.hu\/web\/wp-json\/wp\/v2\/types\/page"}],"author":[{"embeddable":true,"href":"https:\/\/dev2solve.hu\/web\/wp-json\/wp\/v2\/users\/1"}],"replies":[{"embeddable":true,"href":"https:\/\/dev2solve.hu\/web\/wp-json\/wp\/v2\/comments?post=35"}],"version-history":[{"count":10,"href":"https:\/\/dev2solve.hu\/web\/wp-json\/wp\/v2\/pages\/35\/revisions"}],"predecessor-version":[{"id":158,"href":"https:\/\/dev2solve.hu\/web\/wp-json\/wp\/v2\/pages\/35\/revisions\/158"}],"wp:featuredmedia":[{"embeddable":true,"href":"https:\/\/dev2solve.hu\/web\/wp-json\/wp\/v2\/media\/88"}],"wp:attachment":[{"href":"https:\/\/dev2solve.hu\/web\/wp-json\/wp\/v2\/media?parent=35"}],"curies":[{"name":"wp","href":"https:\/\/api.w.org\/{rel}","templated":true}]}}