{"id":37,"date":"2017-02-24T19:00:00","date_gmt":"2017-02-24T19:00:00","guid":{"rendered":"http:\/\/dev2solve.hu\/web\/?page_id=37"},"modified":"2020-12-02T17:33:52","modified_gmt":"2020-12-02T16:33:52","slug":"uzemeltetes","status":"publish","type":"page","link":"https:\/\/dev2solve.hu\/web\/uzemeltetes\/","title":{"rendered":"\u00dczemeltet\u00e9s"},"content":{"rendered":"<p>A legt\u00f6bb dolgot m\u00e1r valaki kital\u00e1lta \u00e9s elk\u00e9sz\u00edtette. \u00c9s ennek nagy r\u00e9sze ak\u00e1r ingyenesen is el\u00e9rhet\u0151. P\u00e9ld\u00e1ul <a href=\"https:\/\/sourceforge.net\/\">ITT<\/a>. N\u00e9zzen k\u00f6r\u00fcl!<\/p>\n<p>Mi is megismert\u00fcnk m\u00e1r j\u00f3 n\u00e9h\u00e1ny alkalmaz\u00e1st \u00e9s aj\u00e1nljuk sz\u00edves figyelm\u00e9be! Ezen rendszerek be\u00fczemel\u00e9se n\u00e9h\u00e1ny nap alatt elv\u00e9gezhet\u0151. \u00c9s IGEN, a legt\u00f6bbj\u00fck testre is szabhat\u00f3. Ha men\u00fcb\u0151l nem, akkor megoldjuk a forr\u00e1sk\u00f3d m\u00f3dos\u00edt\u00e1s\u00e1val. \u00c1llunk rendelkez\u00e9s\u00e9re!<\/p>\n<p>Kiemelt megold\u00e1sok, amelyek bevezet\u00e9s\u00e9hez aj\u00e1nljuk magunkat:<\/p>\n<ul>\n<li>munkaszervez\u00e9s \u00e9s t\u00e1vmunka fel\u00fcgyelet: <a href=\"https:\/\/jobctrl.com\/R\/?i=3&amp;AffiliateId=DEV2SOLVE\">JobCTRL<\/a><\/li>\n<li>domain hosting, virtu\u00e1lis szerver: <a href=\"https:\/\/center.sybell.hu\/aff.php?aff=70\">Sybell<\/a><\/li>\n<li>web\u00e1ruh\u00e1z rendszerek:\u00a0<a href=\"https:\/\/www.prestashop.com\/\">Prestashop<\/a>, <a href=\"https:\/\/www.prestashop.com\/\">Woocommerce<\/a><\/li>\n<li>dinamikus weboldalak:\u00a0<a href=\"https:\/\/wordpress.org\/\">WordPress<\/a>, <a href=\"https:\/\/www.joomla.org\/\">Joomla<\/a><\/li>\n<li>monitoring megold\u00e1sok: <a href=\"http:\/\/www.zabbix.com\/\">Zabbix<\/a>, <a href=\"https:\/\/www.nagios.org\/\">Nagios<\/a><\/li>\n<li>CRM megold\u00e1sok: <a href=\"https:\/\/www.vtiger.com\/\">VTiger<\/a>, <a href=\"https:\/\/www.sugarcrm.com\/\">SugarCRM<\/a><\/li>\n<li>Intranet, social network megold\u00e1sok: <a href=\"https:\/\/www.humhub.org\/en\">HumHub<\/a>, <a href=\"https:\/\/www.opensource-socialnetwork.org\/\">Ossn<\/a><\/li>\n<li>Oktat\u00e1si, videokonferencia keretrendszerek: <a href=\"https:\/\/moodle.org\/\">Moodle<\/a>, <a href=\"http:\/\/bigbluebutton.org\/\">BigBluebutton<\/a><\/li>\n<\/ul>\n<p>A fenti megold\u00e1sokat mind kis-, mind nagyv\u00e1llalati k\u00f6rnyezetbe aj\u00e1nljuk.<\/p>\n<hr \/>\n<p>Komplett hardware eszk\u00f6z\u00f6ket \u00e9s alkatr\u00e9szeket is beszerz\u00fcnk a legjobb piaci \u00e1ron. Sz\u00e9les kapcsolattal rendelkez\u00fcnk a magyarorsz\u00e1gi \u00e9s k\u00f6rnyez\u0151 orsz\u00e1gok legnagyobb hardware keresked\u0151ivel. Mind \u00faj mind haszn\u00e1lt eszk\u00f6z\u00f6k tekintet\u00e9ben versenyk\u00e9pes \u00e1rakkal, ak\u00e1r k\u00e9t napon bel\u00fcli sz\u00e1ll\u00edt\u00e1ssal \u00e1llunk rendelkez\u00e9s\u00e9re.<\/p>\n<hr \/>\n","protected":false},"excerpt":{"rendered":"<p>A legt\u00f6bb dolgot m\u00e1r valaki kital\u00e1lta \u00e9s elk\u00e9sz\u00edtette. \u00c9s ennek nagy r\u00e9sze ak\u00e1r ingyenesen is el\u00e9rhet\u0151. P\u00e9ld\u00e1ul ITT. N\u00e9zzen k\u00f6r\u00fcl! Mi is megismert\u00fcnk m\u00e1r j\u00f3 n\u00e9h\u00e1ny alkalmaz\u00e1st \u00e9s aj\u00e1nljuk sz\u00edves figyelm\u00e9be! Ezen rendszerek be\u00fczemel\u00e9se n\u00e9h\u00e1ny nap alatt elv\u00e9gezhet\u0151. \u00c9s IGEN, a legt\u00f6bbj\u00fck testre is szabhat\u00f3. Ha men\u00fcb\u0151l nem, akkor megoldjuk a forr\u00e1sk\u00f3d m\u00f3dos\u00edt\u00e1s\u00e1val. \u00c1llunk rendelkez\u00e9s\u00e9re! &hellip; <\/p>\n<p class=\"link-more\"><a href=\"https:\/\/dev2solve.hu\/web\/uzemeltetes\/\" class=\"more-link\">Continue reading<span class=\"screen-reader-text\"> &#8220;\u00dczemeltet\u00e9s&#8221;<\/span><\/a><\/p>\n","protected":false},"author":1,"featured_media":87,"parent":0,"menu_order":0,"comment_status":"closed","ping_status":"closed","template":"","meta":{"footnotes":""},"class_list":["post-37","page","type-page","status-publish","has-post-thumbnail","hentry"],"_links":{"self":[{"href":"https:\/\/dev2solve.hu\/web\/wp-json\/wp\/v2\/pages\/37","targetHints":{"allow":["GET"]}}],"collection":[{"href":"https:\/\/dev2solve.hu\/web\/wp-json\/wp\/v2\/pages"}],"about":[{"href":"https:\/\/dev2solve.hu\/web\/wp-json\/wp\/v2\/types\/page"}],"author":[{"embeddable":true,"href":"https:\/\/dev2solve.hu\/web\/wp-json\/wp\/v2\/users\/1"}],"replies":[{"embeddable":true,"href":"https:\/\/dev2solve.hu\/web\/wp-json\/wp\/v2\/comments?post=37"}],"version-history":[{"count":13,"href":"https:\/\/dev2solve.hu\/web\/wp-json\/wp\/v2\/pages\/37\/revisions"}],"predecessor-version":[{"id":170,"href":"https:\/\/dev2solve.hu\/web\/wp-json\/wp\/v2\/pages\/37\/revisions\/170"}],"wp:featuredmedia":[{"embeddable":true,"href":"https:\/\/dev2solve.hu\/web\/wp-json\/wp\/v2\/media\/87"}],"wp:attachment":[{"href":"https:\/\/dev2solve.hu\/web\/wp-json\/wp\/v2\/media?parent=37"}],"curies":[{"name":"wp","href":"https:\/\/api.w.org\/{rel}","templated":true}]}}