{"id":38,"date":"2017-02-24T19:00:00","date_gmt":"2017-02-24T19:00:00","guid":{"rendered":"http:\/\/dev2solve.hu\/web\/?page_id=38"},"modified":"2019-01-18T22:50:43","modified_gmt":"2019-01-18T21:50:43","slug":"informaciobiztonsag","status":"publish","type":"page","link":"https:\/\/dev2solve.hu\/web\/informaciobiztonsag\/","title":{"rendered":"Inform\u00e1ci\u00f3biztons\u00e1g"},"content":{"rendered":"<p>Szak\u00e9rt\u0151ink CISA \u00e9s CISM min\u0151s\u00edt\u00e9ssel, legal\u00e1bb 5 \u00e9v Big4 tapasztalattal \u00e9s legal\u00e1bb 10 \u00e9v \u00fczleti tapasztalattal rendelkeznek.<\/p>\n<p>Mi minden esetben \u00d6nnel vagyunk \u00e9s garant\u00e1ljuk, hogy a lehet\u0151 legkisebb r\u00e1ford\u00edt\u00e1ssal fogjuk felk\u00e9sz\u00edteni \u00d6nt a v\u00e1rhat\u00f3 feladatra.<\/p>\n<p>Szolg\u00e1ltat\u00e1saink:<\/p>\n<ul>\n<li>ISO27001 felk\u00e9sz\u00edt\u00e9s, audit<\/li>\n<li>SOX felk\u00e9sz\u00edt\u00e9s, audit<\/li>\n<li>PCI DSS felk\u00e9sz\u00edt\u00e9s<\/li>\n<li>\u00e1ltal\u00e1nos adatv\u00e9delmi anyagok elk\u00e9sz\u00edt\u00e9se<\/li>\n<li>inform\u00e1ci\u00f3biztons\u00e1gi szab\u00e1lyzatok k\u00e9sz\u00edt\u00e9se, fel\u00fclvizsg\u00e1lata<\/li>\n<li>k\u00e9pz\u00e9s, oktat\u00e1s<\/li>\n<li>szak\u00e9rt\u0151i k\u00e9pviselet k\u00fcls\u0151 auditokon<\/li>\n<\/ul>\n","protected":false},"excerpt":{"rendered":"<p>Szak\u00e9rt\u0151ink CISA \u00e9s CISM min\u0151s\u00edt\u00e9ssel, legal\u00e1bb 5 \u00e9v Big4 tapasztalattal \u00e9s legal\u00e1bb 10 \u00e9v \u00fczleti tapasztalattal rendelkeznek. Mi minden esetben \u00d6nnel vagyunk \u00e9s garant\u00e1ljuk, hogy a lehet\u0151 legkisebb r\u00e1ford\u00edt\u00e1ssal fogjuk felk\u00e9sz\u00edteni \u00d6nt a v\u00e1rhat\u00f3 feladatra. Szolg\u00e1ltat\u00e1saink: ISO27001 felk\u00e9sz\u00edt\u00e9s, audit SOX felk\u00e9sz\u00edt\u00e9s, audit PCI DSS felk\u00e9sz\u00edt\u00e9s \u00e1ltal\u00e1nos adatv\u00e9delmi anyagok elk\u00e9sz\u00edt\u00e9se inform\u00e1ci\u00f3biztons\u00e1gi szab\u00e1lyzatok k\u00e9sz\u00edt\u00e9se, fel\u00fclvizsg\u00e1lata k\u00e9pz\u00e9s, oktat\u00e1s &hellip; <\/p>\n<p class=\"link-more\"><a href=\"https:\/\/dev2solve.hu\/web\/informaciobiztonsag\/\" class=\"more-link\">Continue reading<span class=\"screen-reader-text\"> &#8220;Inform\u00e1ci\u00f3biztons\u00e1g&#8221;<\/span><\/a><\/p>\n","protected":false},"author":1,"featured_media":85,"parent":0,"menu_order":0,"comment_status":"closed","ping_status":"closed","template":"","meta":{"footnotes":""},"class_list":["post-38","page","type-page","status-publish","has-post-thumbnail","hentry"],"_links":{"self":[{"href":"https:\/\/dev2solve.hu\/web\/wp-json\/wp\/v2\/pages\/38","targetHints":{"allow":["GET"]}}],"collection":[{"href":"https:\/\/dev2solve.hu\/web\/wp-json\/wp\/v2\/pages"}],"about":[{"href":"https:\/\/dev2solve.hu\/web\/wp-json\/wp\/v2\/types\/page"}],"author":[{"embeddable":true,"href":"https:\/\/dev2solve.hu\/web\/wp-json\/wp\/v2\/users\/1"}],"replies":[{"embeddable":true,"href":"https:\/\/dev2solve.hu\/web\/wp-json\/wp\/v2\/comments?post=38"}],"version-history":[{"count":9,"href":"https:\/\/dev2solve.hu\/web\/wp-json\/wp\/v2\/pages\/38\/revisions"}],"predecessor-version":[{"id":152,"href":"https:\/\/dev2solve.hu\/web\/wp-json\/wp\/v2\/pages\/38\/revisions\/152"}],"wp:featuredmedia":[{"embeddable":true,"href":"https:\/\/dev2solve.hu\/web\/wp-json\/wp\/v2\/media\/85"}],"wp:attachment":[{"href":"https:\/\/dev2solve.hu\/web\/wp-json\/wp\/v2\/media?parent=38"}],"curies":[{"name":"wp","href":"https:\/\/api.w.org\/{rel}","templated":true}]}}