{"id":7,"date":"2017-02-24T18:27:41","date_gmt":"2017-02-24T18:27:41","guid":{"rendered":"http:\/\/dev2solve.hu\/web\/?page_id=7"},"modified":"2020-05-14T13:43:11","modified_gmt":"2020-05-14T11:43:11","slug":"home","status":"publish","type":"page","link":"https:\/\/dev2solve.hu\/web\/","title":{"rendered":"Bemutatkoz\u00e1s"},"content":{"rendered":"<p>A <b>dev2solve<\/b>\u00a0informatikai \u00e9s \u00fczleti k\u00e9rd\u00e9sekben MEGOLD\u00c1ST ny\u00fajt a legt\u00f6bb k\u00e9rd\u00e9sre. Legyen sz\u00f3 tan\u00e1csad\u00e1sr\u00f3l, fejleszt\u00e9sr\u0151l, t\u00e1mogat\u00e1sr\u00f3l, min\u0151s\u00e9gbiztos\u00edt\u00e1sr\u00f3l.\u00a0 Mi partnerek vagyunk.<\/p>\n<p>Az elv\u00e1llalt munk\u00e1kat gyorsan, min\u0151s\u00e9gben \u00e9s korrekt \u00e1ron v\u00e9gezz\u00fck el. Igyeksz\u00fcnk partneri kapcsolatot ki\u00e9p\u00edteni Megb\u00edz\u00f3inkkal, \u00e9s hossz\u00fa t\u00e1von t\u00e1mogatni \u0151ket\u00a0\u00fczleti sikereik el\u00e9r\u00e9s\u00e9ben.<\/p>\n<p>Mott\u00f3nk: <strong>SIMPLY<\/strong><br \/>\n<em>azaz mindent a lehet\u0151 legegyszer\u0171bben<\/em><\/p>\n","protected":false},"excerpt":{"rendered":"<p>A dev2solve\u00a0informatikai \u00e9s \u00fczleti k\u00e9rd\u00e9sekben MEGOLD\u00c1ST ny\u00fajt a legt\u00f6bb k\u00e9rd\u00e9sre. Legyen sz\u00f3 tan\u00e1csad\u00e1sr\u00f3l, fejleszt\u00e9sr\u0151l, t\u00e1mogat\u00e1sr\u00f3l, min\u0151s\u00e9gbiztos\u00edt\u00e1sr\u00f3l.\u00a0 Mi partnerek vagyunk. Az elv\u00e1llalt munk\u00e1kat gyorsan, min\u0151s\u00e9gben \u00e9s korrekt \u00e1ron v\u00e9gezz\u00fck el. Igyeksz\u00fcnk partneri kapcsolatot ki\u00e9p\u00edteni Megb\u00edz\u00f3inkkal, \u00e9s hossz\u00fa t\u00e1von t\u00e1mogatni \u0151ket\u00a0\u00fczleti sikereik el\u00e9r\u00e9s\u00e9ben. Mott\u00f3nk: SIMPLY azaz mindent a lehet\u0151 legegyszer\u0171bben<\/p>\n","protected":false},"author":1,"featured_media":0,"parent":0,"menu_order":0,"comment_status":"closed","ping_status":"closed","template":"","meta":{"footnotes":""},"class_list":["post-7","page","type-page","status-publish","hentry"],"_links":{"self":[{"href":"https:\/\/dev2solve.hu\/web\/wp-json\/wp\/v2\/pages\/7","targetHints":{"allow":["GET"]}}],"collection":[{"href":"https:\/\/dev2solve.hu\/web\/wp-json\/wp\/v2\/pages"}],"about":[{"href":"https:\/\/dev2solve.hu\/web\/wp-json\/wp\/v2\/types\/page"}],"author":[{"embeddable":true,"href":"https:\/\/dev2solve.hu\/web\/wp-json\/wp\/v2\/users\/1"}],"replies":[{"embeddable":true,"href":"https:\/\/dev2solve.hu\/web\/wp-json\/wp\/v2\/comments?post=7"}],"version-history":[{"count":9,"href":"https:\/\/dev2solve.hu\/web\/wp-json\/wp\/v2\/pages\/7\/revisions"}],"predecessor-version":[{"id":157,"href":"https:\/\/dev2solve.hu\/web\/wp-json\/wp\/v2\/pages\/7\/revisions\/157"}],"wp:attachment":[{"href":"https:\/\/dev2solve.hu\/web\/wp-json\/wp\/v2\/media?parent=7"}],"curies":[{"name":"wp","href":"https:\/\/api.w.org\/{rel}","templated":true}]}}